{"id":22,"date":"2022-01-19T09:11:43","date_gmt":"2022-01-19T09:11:43","guid":{"rendered":"http:\/\/annalukas.de\/?page_id=22"},"modified":"2022-09-01T21:21:49","modified_gmt":"2022-09-01T21:21:49","slug":"praktische","status":"publish","type":"page","link":"https:\/\/annalukas.de\/hy\/praktische\/","title":{"rendered":"Praktische Informationen Cochem\/K\u00f6ln"},"content":{"rendered":"<p><strong>Cochem:<\/strong><\/p>\n\n\n\n<p>Bitte findet euch gegen 12:40 vor dem Haupttor unmittelbar vor der Burg ein. <\/p>\n\n\n\n<p>Bitte beachtet es besteht Maskenpflicht in der Trauhalle.<\/p>\n\n\n\n<p>Nach der Zeremonie gibt es ein gemeinsamen Sektempfang und ihr k\u00f6nnt euch noch im Rahmen einer Burgf\u00fchrung die Burg anschauen. <\/p>\n\n\n\n<p>Es gibt zwei M\u00f6glichkeiten zur Anreise mit dem Auto. Entweder fahrt ihr ins Dorf und geht zu Fu\u00df zur Burg hoch (Zeit einplanen!) oder mit dem \u00d6PNV Shuttle (Zeit einplanen). Die Alternative ist es in Burgn\u00e4he an der &#8222;Realschule plus Cochem&#8220; zu parken. Bitte bachtet ihr kommt aus der Stadt Cochem nicht mehr g\u00fcnstig zu dem Parkplatz an der Realschule in Burgn\u00e4he hoch. Daf\u00fcr m\u00fcsst ihr bereits deutlich fr\u00fcher anders fahren, google maps hilft euch. Die eigentliche Stra\u00dfe zur Realschule aus dem Dorf ist Baustelle (bzw. durchs Zentrum gesperrt).<\/p>\n\n\n\n<p><strong>K\u00f6ln:<\/strong><\/p>\n\n\n\n<p>Die Party beginnt gegen 18 Uhr. <\/p>\n\n\n\n<p>Nehmt euch gerne eine Jacke mit, die Party wird \u00fcberwiegend drau\u00dfen sein und das Wetter ist als unbest\u00e4ndig gemeldet. <\/p>","protected":false},"excerpt":{"rendered":"<p>Cochem: Bitte findet euch gegen 12:40 vor dem Haupttor unmittelbar vor der Burg ein. Bitte beachtet es besteht Maskenpflicht in der Trauhalle. Nach der Zeremonie gibt es ein gemeinsamen Sektempfang und ihr k\u00f6nnt euch noch im Rahmen einer Burgf\u00fchrung die Burg anschauen. Es gibt zwei M\u00f6glichkeiten zur Anreise mit dem Auto. Entweder fahrt ihr ins &hellip; <\/p>\n<p class=\"link-more\"><a href=\"https:\/\/annalukas.de\/hy\/praktische\/\" class=\"more-link\">Read more<span class=\"screen-reader-text\"> &#8222;Praktische Informationen Cochem\/K\u00f6ln&#8220;<\/span><\/a><\/p>","protected":false},"author":1,"featured_media":0,"parent":0,"menu_order":0,"comment_status":"closed","ping_status":"closed","template":"","meta":{"_eb_attr":"","pgc_sgb_lightbox_settings":"","footnotes":""},"class_list":["post-22","page","type-page","status-publish","hentry"],"_links":{"self":[{"href":"https:\/\/annalukas.de\/hy\/wp-json\/wp\/v2\/pages\/22"}],"collection":[{"href":"https:\/\/annalukas.de\/hy\/wp-json\/wp\/v2\/pages"}],"about":[{"href":"https:\/\/annalukas.de\/hy\/wp-json\/wp\/v2\/types\/page"}],"author":[{"embeddable":true,"href":"https:\/\/annalukas.de\/hy\/wp-json\/wp\/v2\/users\/1"}],"replies":[{"embeddable":true,"href":"https:\/\/annalukas.de\/hy\/wp-json\/wp\/v2\/comments?post=22"}],"version-history":[{"count":16,"href":"https:\/\/annalukas.de\/hy\/wp-json\/wp\/v2\/pages\/22\/revisions"}],"predecessor-version":[{"id":389,"href":"https:\/\/annalukas.de\/hy\/wp-json\/wp\/v2\/pages\/22\/revisions\/389"}],"wp:attachment":[{"href":"https:\/\/annalukas.de\/hy\/wp-json\/wp\/v2\/media?parent=22"}],"curies":[{"name":"wp","href":"https:\/\/api.w.org\/{rel}","templated":true}]}}