{"id":21,"date":"2022-01-19T09:11:43","date_gmt":"2022-01-19T09:11:43","guid":{"rendered":"http:\/\/annalukas.de\/?page_id=21"},"modified":"2022-05-10T10:49:39","modified_gmt":"2022-05-10T10:49:39","slug":"schoene-portfolios-fuer-aussergewoehnliche-kreative","status":"publish","type":"page","link":"https:\/\/annalukas.de\/hy\/","title":{"rendered":"\u0540\u053b\u0547\u0535\u0554 \u0555\u0550\u0538"},"content":{"rendered":"<div class=\"wp-block-group is-layout-flow wp-block-group-is-layout-flow\"><\/div>\n\n\n\n<div class=\"wp-block-group is-layout-flow wp-block-group-is-layout-flow\">\n<div class=\"wp-block-image is-style-rounded\"><figure class=\"aligncenter size-medium\"><img loading=\"lazy\" decoding=\"async\" width=\"300\" height=\"300\" src=\"http:\/\/annalukas.de\/wp-content\/uploads\/2022\/02\/bacc40df-edited-300x300.jpg\" alt=\"\" class=\"wp-image-264\" srcset=\"https:\/\/annalukas.de\/wp-content\/uploads\/2022\/02\/bacc40df-edited-300x300.jpg 300w, https:\/\/annalukas.de\/wp-content\/uploads\/2022\/02\/bacc40df-edited-1024x1024.jpg 1024w, https:\/\/annalukas.de\/wp-content\/uploads\/2022\/02\/bacc40df-edited-150x150.jpg 150w, https:\/\/annalukas.de\/wp-content\/uploads\/2022\/02\/bacc40df-edited-768x769.jpg 768w, https:\/\/annalukas.de\/wp-content\/uploads\/2022\/02\/bacc40df-edited-1534x1536.jpg 1534w, https:\/\/annalukas.de\/wp-content\/uploads\/2022\/02\/bacc40df-edited-2046x2048.jpg 2046w, https:\/\/annalukas.de\/wp-content\/uploads\/2022\/02\/bacc40df-edited-2000x2002.jpg 2000w\" sizes=\"(max-width: 300px) 100vw, 300px\" \/><\/figure><\/div>\n<\/div>\n\n\n\n<div class=\"wp-block-group alignfull has-background is-layout-flow wp-block-group-is-layout-flow\" style=\"background-color:#e5e9ec\">\n<div class=\"wp-block-columns is-layout-flex wp-container-core-columns-is-layout-1 wp-block-columns-is-layout-flex\">\n<div class=\"wp-block-column is-layout-flow wp-block-column-is-layout-flow\">\n<p class=\"has-text-align-center\"><strong>30.07.2022<\/strong><br><strong>\u0535\u0580\u0587\u0561\u0576 - \u0540\u0561\u0575\u0561\u057d\u057f\u0561\u0576 <\/strong><\/p>\n\n\n\n<p><\/p>\n\n\n\n<p class=\"has-text-align-center\"><strong>15:00 &#8211; Zeremonie<\/strong><\/p>\n\n\n\n<p class=\"has-text-align-center\"> Saghmosavank<br><a rel=\"noreferrer noopener\" href=\"https:\/\/www.google.com\/maps\/place\/Saghmosavank\/@40.3805351,44.3967175,15z\/data=!4m5!3m4!1s0x0:0x2c15637a87b6ecee!8m2!3d40.3805395!4d44.3967279\" data-type=\"URL\" data-id=\"https:\/\/www.google.com\/maps\/place\/Saghmosavank\/@40.3805351,44.3967175,15z\/data=!4m5!3m4!1s0x0:0x2c15637a87b6ecee!8m2!3d40.3805395!4d44.3967279\" target=\"_blank\">99JW+6M8, Saghmosavan 0211<\/a><\/p>\n\n\n\n<p class=\"has-text-align-center\"><strong>15:40 &#8211; Sektempfang in Saghmosavank<\/strong><\/p>\n\n\n\n<p class=\"has-text-align-center\"><strong>~<\/strong><\/p>\n\n\n\n<p class=\"has-text-align-center\"><strong>18:00 &#8211; Feier<\/strong><br>Vahakni Restaurant<br><a rel=\"noreferrer noopener\" href=\"https:\/\/goo.gl\/maps\/cDuA1M3qfJH3ofj19\" data-type=\"URL\" data-id=\"https:\/\/goo.gl\/maps\/cDuA1M3qfJH3ofj19\" target=\"_blank\">50 George Chaush Street,<br>Yerevan 0088, Armenien<\/a><\/p>\n<\/div>\n\n\n\n<div class=\"wp-block-column is-layout-flow wp-block-column-is-layout-flow\">\n<p class=\"has-text-align-center\"><strong>03.09.2022<\/strong><br><strong>Cochem \u0561\u0574\u0580\u0578\u0581 <\/strong>&#8211; <strong>\u0533\u0565\u0580\u0574\u0561\u0576\u056b\u0561<\/strong><\/p>\n\n\n\n<p><\/p>\n\n\n\n<p class=\"has-text-align-center\"><strong>13:00 &#8211; Standesamt <\/strong><\/p>\n\n\n\n<p class=\"has-text-align-center\">Reichsburg Cochem<br><a rel=\"noreferrer noopener\" href=\"https:\/\/www.google.com\/maps\/place\/Cochem+Castle\/@50.14226,7.167048,15z\/data=!4m5!3m4!1s0x0:0x59eaa46c58716517!8m2!3d50.14226!4d7.167048\" data-type=\"URL\" data-id=\"https:\/\/www.google.com\/maps\/place\/Cochem+Castle\/@50.14226,7.167048,15z\/data=!4m5!3m4!1s0x0:0x59eaa46c58716517!8m2!3d50.14226!4d7.167048\" target=\"_blank\">Schlossstra\u00dfe 36,<br>56812 Cochem, Germany<\/a><\/p>\n\n\n\n<p class=\"has-text-align-center\"><strong>14:30 &#8211; Sektempfang &amp; Burgf\u00fchrung<\/strong><\/p>\n\n\n\n<p class=\"has-text-align-center\"><strong>~<\/strong><\/p>\n\n\n\n<p class=\"has-text-align-center\"><strong>18:00 &#8211; Party bei uns zu Hause in K\u00f6ln<\/strong><\/p>\n<\/div>\n<\/div>\n<\/div>\n\n\n<div class=\"pgc-sgb-cb wp-block-pgcsimplygalleryblock-grid alignfull\" data-gallery-id=\"e5f54799\"><div class=\"sgb-preloader\" id=\"pr_e5f54799\">\n\t<div class=\"sgb-square\" style=\"background:#d4d4d4\"><\/div>\n\t<div class=\"sgb-square\" style=\"background:#d4d4d4\"><\/div>\n\t<div class=\"sgb-square\" style=\"background:#d4d4d4\"><\/div>\n\t<div class=\"sgb-square\" style=\"background:#d4d4d4\"><\/div><\/div><div class=\"simply-gallery-amp pgc_sgb_slider alignfull\" style=\"display: none;\"><div class=\"sgb-gallery\"><div class=\"sgb-item\"><a href=\"http:\/\/annalukas.de\/hy\/1f5e0dcb\/\" target=\"_blank\"><img decoding=\"async\" alt=\"\" width=\"300\" height=\"200\" loading=\"lazy\" src=\"http:\/\/annalukas.de\/wp-content\/uploads\/2022\/02\/1f5e0dcb-300x200.jpg\" srcset=\"http:\/\/annalukas.de\/wp-content\/uploads\/2022\/02\/1f5e0dcb-300x200.jpg 300w,http:\/\/annalukas.de\/wp-content\/uploads\/2022\/02\/1f5e0dcb-1024x684.jpg 950w,http:\/\/annalukas.de\/wp-content\/uploads\/2022\/02\/1f5e0dcb-scaled.jpg 2560w\" sizes=\"250px\"\/><\/a><\/div><div class=\"sgb-item\"><a href=\"http:\/\/annalukas.de\/hy\/b464ef35\/\" target=\"_blank\"><img decoding=\"async\" alt=\"\" width=\"300\" height=\"200\" loading=\"lazy\" src=\"http:\/\/annalukas.de\/wp-content\/uploads\/2022\/02\/b464ef35-300x200.jpg\" srcset=\"http:\/\/annalukas.de\/wp-content\/uploads\/2022\/02\/b464ef35-300x200.jpg 300w,http:\/\/annalukas.de\/wp-content\/uploads\/2022\/02\/b464ef35-1024x684.jpg 950w,http:\/\/annalukas.de\/wp-content\/uploads\/2022\/02\/b464ef35-scaled.jpg 2560w\" sizes=\"250px\"\/><\/a><\/div><div class=\"sgb-item\"><a href=\"http:\/\/annalukas.de\/hy\/9230db4d\/\" target=\"_blank\"><img decoding=\"async\" alt=\"\" width=\"300\" height=\"200\" loading=\"lazy\" src=\"http:\/\/annalukas.de\/wp-content\/uploads\/2022\/02\/9230db4d-300x200.jpg\" srcset=\"http:\/\/annalukas.de\/wp-content\/uploads\/2022\/02\/9230db4d-300x200.jpg 300w,http:\/\/annalukas.de\/wp-content\/uploads\/2022\/02\/9230db4d-1024x684.jpg 950w,http:\/\/annalukas.de\/wp-content\/uploads\/2022\/02\/9230db4d-scaled.jpg 2560w\" sizes=\"250px\"\/><\/a><\/div><div class=\"sgb-item\"><a href=\"http:\/\/annalukas.de\/hy\/6709d3ec-2\/\" target=\"_blank\"><img decoding=\"async\" alt=\"\" width=\"300\" height=\"200\" loading=\"lazy\" src=\"http:\/\/annalukas.de\/wp-content\/uploads\/2022\/02\/6709d3ec-300x200.jpg\" srcset=\"http:\/\/annalukas.de\/wp-content\/uploads\/2022\/02\/6709d3ec-300x200.jpg 300w,http:\/\/annalukas.de\/wp-content\/uploads\/2022\/02\/6709d3ec-1024x684.jpg 950w,http:\/\/annalukas.de\/wp-content\/uploads\/2022\/02\/6709d3ec-scaled.jpg 2560w\" sizes=\"250px\"\/><\/a><\/div><div class=\"sgb-item\"><a href=\"http:\/\/annalukas.de\/hy\/3135bceb\/\" target=\"_blank\"><img decoding=\"async\" alt=\"\" width=\"300\" height=\"200\" loading=\"lazy\" src=\"http:\/\/annalukas.de\/wp-content\/uploads\/2022\/02\/3135bceb-300x200.jpg\" srcset=\"http:\/\/annalukas.de\/wp-content\/uploads\/2022\/02\/3135bceb-300x200.jpg 300w,http:\/\/annalukas.de\/wp-content\/uploads\/2022\/02\/3135bceb-1024x684.jpg 950w,http:\/\/annalukas.de\/wp-content\/uploads\/2022\/02\/3135bceb-scaled.jpg 2560w\" sizes=\"250px\"\/><\/a><\/div><div class=\"sgb-item\"><a href=\"http:\/\/annalukas.de\/hy\/1934ffb6\/\" target=\"_blank\"><img decoding=\"async\" alt=\"\" width=\"300\" height=\"200\" loading=\"lazy\" src=\"http:\/\/annalukas.de\/wp-content\/uploads\/2022\/02\/1934ffb6-300x200.jpg\" srcset=\"http:\/\/annalukas.de\/wp-content\/uploads\/2022\/02\/1934ffb6-300x200.jpg 300w,http:\/\/annalukas.de\/wp-content\/uploads\/2022\/02\/1934ffb6-1024x682.jpg 950w,http:\/\/annalukas.de\/wp-content\/uploads\/2022\/02\/1934ffb6-scaled.jpg 2560w\" sizes=\"250px\"\/><\/a><\/div><div class=\"sgb-item\"><a href=\"http:\/\/annalukas.de\/hy\/38a04425-2\/\" target=\"_blank\"><img decoding=\"async\" alt=\"\" width=\"200\" height=\"300\" loading=\"lazy\" src=\"http:\/\/annalukas.de\/wp-content\/uploads\/2022\/02\/38a04425-200x300.jpg\" srcset=\"http:\/\/annalukas.de\/wp-content\/uploads\/2022\/02\/38a04425-200x300.jpg 200w,http:\/\/annalukas.de\/wp-content\/uploads\/2022\/02\/38a04425-684x1024.jpg 684w,http:\/\/annalukas.de\/wp-content\/uploads\/2022\/02\/38a04425-scaled.jpg 1709w\" sizes=\"250px\"\/><\/a><\/div><div class=\"sgb-item\"><a href=\"http:\/\/annalukas.de\/hy\/9fbdb9d7\/\" target=\"_blank\"><img decoding=\"async\" alt=\"\" width=\"300\" height=\"200\" loading=\"lazy\" src=\"http:\/\/annalukas.de\/wp-content\/uploads\/2022\/02\/9fbdb9d7-300x200.jpg\" srcset=\"http:\/\/annalukas.de\/wp-content\/uploads\/2022\/02\/9fbdb9d7-300x200.jpg 300w,http:\/\/annalukas.de\/wp-content\/uploads\/2022\/02\/9fbdb9d7-1024x684.jpg 950w,http:\/\/annalukas.de\/wp-content\/uploads\/2022\/02\/9fbdb9d7-scaled.jpg 2560w\" sizes=\"250px\"\/><\/a><\/div><\/div><\/div><script type=\"application\/json\" class=\"sgb-data\">{\"collectionthumbRoundedCorners\":8,\"collectionThumbSubMenuDownload\":false,\"collectionThumbSubMenuShare\":false,\"galleryType\":\"pgc_sgb_grid\",\"align\":\"full\",\"galleryId\":\"e5f54799\",\"images\":[{\"id\":150,\"title\":\"1f5e0dcb\",\"url\":\"http:\/\/annalukas.de\/wp-content\/uploads\/2022\/02\/1f5e0dcb-scaled.jpg\",\"link\":\"http:\/\/annalukas.de\/1f5e0dcb\/\",\"alt\":\"\",\"description\":\"\",\"caption\":\"\",\"mime\":\"image\/jpeg\",\"type\":\"image\",\"width\":2560,\"height\":1709,\"sizes\":{\"thumbnail\":{\"height\":150,\"width\":150,\"url\":\"http:\/\/annalukas.de\/wp-content\/uploads\/2022\/02\/1f5e0dcb-150x150.jpg\",\"orientation\":\"landscape\"},\"medium\":{\"height\":200,\"width\":300,\"url\":\"http:\/\/annalukas.de\/wp-content\/uploads\/2022\/02\/1f5e0dcb-300x200.jpg\",\"orientation\":\"landscape\"},\"large\":{\"height\":635,\"width\":950,\"url\":\"http:\/\/annalukas.de\/wp-content\/uploads\/2022\/02\/1f5e0dcb-1024x684.jpg\",\"orientation\":\"landscape\"},\"full\":{\"url\":\"http:\/\/annalukas.de\/wp-content\/uploads\/2022\/02\/1f5e0dcb-scaled.jpg\",\"height\":1709,\"width\":2560,\"orientation\":\"landscape\"}},\"meta\":false,\"postlink\":\"http:\/\/annalukas.de\/1f5e0dcb\/\"},{\"id\":157,\"title\":\"b464ef35\",\"url\":\"http:\/\/annalukas.de\/wp-content\/uploads\/2022\/02\/b464ef35-scaled.jpg\",\"link\":\"http:\/\/annalukas.de\/b464ef35\/\",\"alt\":\"\",\"description\":\"\",\"caption\":\"\",\"mime\":\"image\/jpeg\",\"type\":\"image\",\"width\":2560,\"height\":1709,\"sizes\":{\"thumbnail\":{\"height\":150,\"width\":150,\"url\":\"http:\/\/annalukas.de\/wp-content\/uploads\/2022\/02\/b464ef35-150x150.jpg\",\"orientation\":\"landscape\"},\"medium\":{\"height\":200,\"width\":300,\"url\":\"http:\/\/annalukas.de\/wp-content\/uploads\/2022\/02\/b464ef35-300x200.jpg\",\"orientation\":\"landscape\"},\"large\":{\"height\":635,\"width\":950,\"url\":\"http:\/\/annalukas.de\/wp-content\/uploads\/2022\/02\/b464ef35-1024x684.jpg\",\"orientation\":\"landscape\"},\"full\":{\"url\":\"http:\/\/annalukas.de\/wp-content\/uploads\/2022\/02\/b464ef35-scaled.jpg\",\"height\":1709,\"width\":2560,\"orientation\":\"landscape\"}},\"meta\":false,\"postlink\":\"http:\/\/annalukas.de\/b464ef35\/\"},{\"id\":156,\"title\":\"9230db4d\",\"url\":\"http:\/\/annalukas.de\/wp-content\/uploads\/2022\/02\/9230db4d-scaled.jpg\",\"link\":\"http:\/\/annalukas.de\/9230db4d\/\",\"alt\":\"\",\"description\":\"\",\"caption\":\"\",\"mime\":\"image\/jpeg\",\"type\":\"image\",\"width\":2560,\"height\":1709,\"sizes\":{\"thumbnail\":{\"height\":150,\"width\":150,\"url\":\"http:\/\/annalukas.de\/wp-content\/uploads\/2022\/02\/9230db4d-150x150.jpg\",\"orientation\":\"landscape\"},\"medium\":{\"height\":200,\"width\":300,\"url\":\"http:\/\/annalukas.de\/wp-content\/uploads\/2022\/02\/9230db4d-300x200.jpg\",\"orientation\":\"landscape\"},\"large\":{\"height\":635,\"width\":950,\"url\":\"http:\/\/annalukas.de\/wp-content\/uploads\/2022\/02\/9230db4d-1024x684.jpg\",\"orientation\":\"landscape\"},\"full\":{\"url\":\"http:\/\/annalukas.de\/wp-content\/uploads\/2022\/02\/9230db4d-scaled.jpg\",\"height\":1709,\"width\":2560,\"orientation\":\"landscape\"}},\"meta\":false,\"postlink\":\"http:\/\/annalukas.de\/9230db4d\/\"},{\"id\":155,\"title\":\"6709d3ec\",\"url\":\"http:\/\/annalukas.de\/wp-content\/uploads\/2022\/02\/6709d3ec-scaled.jpg\",\"link\":\"http:\/\/annalukas.de\/6709d3ec-2\/\",\"alt\":\"\",\"description\":\"\",\"caption\":\"\",\"mime\":\"image\/jpeg\",\"type\":\"image\",\"width\":2560,\"height\":1709,\"sizes\":{\"thumbnail\":{\"height\":150,\"width\":150,\"url\":\"http:\/\/annalukas.de\/wp-content\/uploads\/2022\/02\/6709d3ec-150x150.jpg\",\"orientation\":\"landscape\"},\"medium\":{\"height\":200,\"width\":300,\"url\":\"http:\/\/annalukas.de\/wp-content\/uploads\/2022\/02\/6709d3ec-300x200.jpg\",\"orientation\":\"landscape\"},\"large\":{\"height\":635,\"width\":950,\"url\":\"http:\/\/annalukas.de\/wp-content\/uploads\/2022\/02\/6709d3ec-1024x684.jpg\",\"orientation\":\"landscape\"},\"full\":{\"url\":\"http:\/\/annalukas.de\/wp-content\/uploads\/2022\/02\/6709d3ec-scaled.jpg\",\"height\":1709,\"width\":2560,\"orientation\":\"landscape\"}},\"meta\":false,\"postlink\":\"http:\/\/annalukas.de\/6709d3ec-2\/\"},{\"id\":154,\"title\":\"3135bceb\",\"url\":\"http:\/\/annalukas.de\/wp-content\/uploads\/2022\/02\/3135bceb-scaled.jpg\",\"link\":\"http:\/\/annalukas.de\/3135bceb\/\",\"alt\":\"\",\"description\":\"\",\"caption\":\"\",\"mime\":\"image\/jpeg\",\"type\":\"image\",\"width\":2560,\"height\":1709,\"sizes\":{\"thumbnail\":{\"height\":150,\"width\":150,\"url\":\"http:\/\/annalukas.de\/wp-content\/uploads\/2022\/02\/3135bceb-150x150.jpg\",\"orientation\":\"landscape\"},\"medium\":{\"height\":200,\"width\":300,\"url\":\"http:\/\/annalukas.de\/wp-content\/uploads\/2022\/02\/3135bceb-300x200.jpg\",\"orientation\":\"landscape\"},\"large\":{\"height\":635,\"width\":950,\"url\":\"http:\/\/annalukas.de\/wp-content\/uploads\/2022\/02\/3135bceb-1024x684.jpg\",\"orientation\":\"landscape\"},\"full\":{\"url\":\"http:\/\/annalukas.de\/wp-content\/uploads\/2022\/02\/3135bceb-scaled.jpg\",\"height\":1709,\"width\":2560,\"orientation\":\"landscape\"}},\"meta\":false,\"postlink\":\"http:\/\/annalukas.de\/3135bceb\/\"},{\"id\":153,\"title\":\"1934ffb6\",\"url\":\"http:\/\/annalukas.de\/wp-content\/uploads\/2022\/02\/1934ffb6-scaled.jpg\",\"link\":\"http:\/\/annalukas.de\/1934ffb6\/\",\"alt\":\"\",\"description\":\"\",\"caption\":\"\",\"mime\":\"image\/jpeg\",\"type\":\"image\",\"width\":2560,\"height\":1705,\"sizes\":{\"thumbnail\":{\"height\":150,\"width\":150,\"url\":\"http:\/\/annalukas.de\/wp-content\/uploads\/2022\/02\/1934ffb6-150x150.jpg\",\"orientation\":\"landscape\"},\"medium\":{\"height\":200,\"width\":300,\"url\":\"http:\/\/annalukas.de\/wp-content\/uploads\/2022\/02\/1934ffb6-300x200.jpg\",\"orientation\":\"landscape\"},\"large\":{\"height\":633,\"width\":950,\"url\":\"http:\/\/annalukas.de\/wp-content\/uploads\/2022\/02\/1934ffb6-1024x682.jpg\",\"orientation\":\"landscape\"},\"full\":{\"url\":\"http:\/\/annalukas.de\/wp-content\/uploads\/2022\/02\/1934ffb6-scaled.jpg\",\"height\":1705,\"width\":2560,\"orientation\":\"landscape\"}},\"meta\":false,\"postlink\":\"http:\/\/annalukas.de\/1934ffb6\/\"},{\"id\":152,\"title\":\"38a04425\",\"url\":\"http:\/\/annalukas.de\/wp-content\/uploads\/2022\/02\/38a04425-scaled.jpg\",\"link\":\"http:\/\/annalukas.de\/38a04425-2\/\",\"alt\":\"\",\"description\":\"\",\"caption\":\"\",\"mime\":\"image\/jpeg\",\"type\":\"image\",\"width\":1709,\"height\":2560,\"sizes\":{\"thumbnail\":{\"height\":150,\"width\":150,\"url\":\"http:\/\/annalukas.de\/wp-content\/uploads\/2022\/02\/38a04425-150x150.jpg\",\"orientation\":\"landscape\"},\"medium\":{\"height\":300,\"width\":200,\"url\":\"http:\/\/annalukas.de\/wp-content\/uploads\/2022\/02\/38a04425-200x300.jpg\",\"orientation\":\"portrait\"},\"large\":{\"height\":1024,\"width\":684,\"url\":\"http:\/\/annalukas.de\/wp-content\/uploads\/2022\/02\/38a04425-684x1024.jpg\",\"orientation\":\"portrait\"},\"full\":{\"url\":\"http:\/\/annalukas.de\/wp-content\/uploads\/2022\/02\/38a04425-scaled.jpg\",\"height\":2560,\"width\":1709,\"orientation\":\"portrait\"}},\"meta\":false,\"postlink\":\"http:\/\/annalukas.de\/38a04425-2\/\"},{\"id\":151,\"title\":\"9fbdb9d7\",\"url\":\"http:\/\/annalukas.de\/wp-content\/uploads\/2022\/02\/9fbdb9d7-scaled.jpg\",\"link\":\"http:\/\/annalukas.de\/9fbdb9d7\/\",\"alt\":\"\",\"description\":\"\",\"caption\":\"\",\"mime\":\"image\/jpeg\",\"type\":\"image\",\"width\":2560,\"height\":1709,\"sizes\":{\"thumbnail\":{\"height\":150,\"width\":150,\"url\":\"http:\/\/annalukas.de\/wp-content\/uploads\/2022\/02\/9fbdb9d7-150x150.jpg\",\"orientation\":\"landscape\"},\"medium\":{\"height\":200,\"width\":300,\"url\":\"http:\/\/annalukas.de\/wp-content\/uploads\/2022\/02\/9fbdb9d7-300x200.jpg\",\"orientation\":\"landscape\"},\"large\":{\"height\":635,\"width\":950,\"url\":\"http:\/\/annalukas.de\/wp-content\/uploads\/2022\/02\/9fbdb9d7-1024x684.jpg\",\"orientation\":\"landscape\"},\"full\":{\"url\":\"http:\/\/annalukas.de\/wp-content\/uploads\/2022\/02\/9fbdb9d7-scaled.jpg\",\"height\":1709,\"width\":2560,\"orientation\":\"landscape\"}},\"meta\":false,\"postlink\":\"http:\/\/annalukas.de\/9fbdb9d7\/\"}],\"itemsMetaDataCollection\":[],\"galleryData\":\"{\\u0022pageMode\\u0022:false,\\u0022collectionColumns\\u0022:3,\\u0022thumbHieghtRation\\u0022:1,\\u0022collectionThumbRecomendedWidth\\u0022:200,\\u0022thumbSpacing\\u0022:5,\\u0022thumbMobileSpacing\\u0022:5,\\u0022externalLink\\u0022:true,\\u0022externalLinkDefName\\u0022:\\u0022Read More\\u0022,\\u0022externalLinkTextColor\\u0022:\\u0022rgba(0,0,0,1)\\u0022,\\u0022externalLinkBgColor\\u0022:\\u0022rgba(255,255,255,1)\\u0022,\\u0022externalLinkFontSize\\u0022:18,\\u0022captions\\u0022:true,\\u0022captionSrc\\u0022:\\u0022caption\\u0022,\\u0022captionHAlign\\u0022:\\u0022top\\u0022,\\u0022collectionthumbHoverTitleFontSize\\u0022:18,\\u0022collectionthumbRoundedCorners\\u0022:8,\\u0022collectionthumbHoverTitleTextColor\\u0022:\\u0022rgba(255,255,255,1)\\u0022,\\u0022collectionthumbHoverTitleTextBgColor\\u0022:\\u0022rgba(0,0,0,0.8)\\u0022,\\u0022collectionthumbHoverBgColor\\u0022:\\u0022rgba(0,0,0,0.4)\\u0022,\\u0022collectionThumbSubMenuDownload\\u0022:false,\\u0022collectionThumbSubMenuShare\\u0022:false,\\u0022collectionThumbSubMenuBgColor\\u0022:\\u0022rgba(0,0,0,0.4)\\u0022,\\u0022collectionThumbSubMenuBgColorHover\\u0022:\\u0022rgba(255,255,255,1)\\u0022,\\u0022collectionThumbSubMenuIconColor\\u0022:\\u0022rgba(255,255,255,1)\\u0022,\\u0022collectionThumbSubMenuIconColorHover\\u0022:\\u0022rgba(0,0,0,1)\\u0022,\\u0022settingsModalIsOpen\\u0022:false,\\u0022galleryType\\u0022:\\u0022pgc_sgb_grid\\u0022,\\u0022align\\u0022:\\u0022full\\u0022,\\u0022galleryId\\u0022:\\u0022e5f54799\\u0022,\\u0022tagsListCustomMode\\u0022:false,\\u0022initGalleryByFirstTag\\u0022:false,\\u0022deepLinkingForTag\\u0022:false,\\u0022galleryTagsList\\u0022:[],\\u0022useClobalSettings\\u0022:false,\\u0022orderBy\\u0022:\\u0022custom\\u0022,\\u0022deepLinking\\u0022:false,\\u0022useLightbox\\u0022:true,\\u0022thumbClickAction\\u0022:\\u0022useLightbox\\u0022,\\u0022numItemsDisplayed\\u0022:0,\\u0022lazyLoading\\u0022:true,\\u0022contentNoPadding\\u0022:false,\\u0022galleryPreloaderColor\\u0022:\\u0022rgba(230,230,230,1)\\u0022,\\u0022galleryBgColor\\u0022:\\u0022rgba(0,0,0,0)\\u0022,\\u0022galleryBorderRadius\\u0022:0,\\u0022customCSS\\u0022:\\u0022\\u0022,\\u0022itemsPerPage\\u0022:20,\\u0022loadMoreDefName\\u0022:\\u0022Load More\\u0022,\\u0022loadMoreFontSize\\u0022:16,\\u0022loadMoreTextColor\\u0022:\\u0022rgba(255,255,255,1)\\u0022,\\u0022loadMoreBgColor\\u0022:\\u0022rgba(0,0,0,1)\\u0022,\\u0022tagsFilter\\u0022:false,\\u0022tagCloudAll\\u0022:\\u0022All\\u0022,\\u0022tagCloudBgColor\\u0022:\\u0022rgba(153,153,153,1)\\u0022,\\u0022tagCloudBgColorOver\\u0022:\\u0022rgba(253,253,253,1)\\u0022,\\u0022tagCloudTextColor\\u0022:\\u0022rgba(253,253,253,1)\\u0022,\\u0022tagCloudTextColorOver\\u0022:\\u0022rgba(153,153,153,1)\\u0022,\\u0022tagCloudFontSize\\u0022:16,\\u0022modaBgColor\\u0022:\\u0022rgba(0,0,0,0.8)\\u0022,\\u0022modalIconColor\\u0022:\\u0022rgba(255,255,255,1)\\u0022,\\u0022modalIconColorHover\\u0022:\\u0022rgba(255,255,255,0.8)\\u0022,\\u0022shareFacebook\\u0022:true,\\u0022shareTwitter\\u0022:true,\\u0022sharePinterest\\u0022:true,\\u0022sliderItemDownload\\u0022:true,\\u0022shareCopyLink\\u0022:true,\\u0022sharePost\\u0022:\\u0022sharelink\\u0022,\\u0022copyRProtection\\u0022:false,\\u0022copyRAlert\\u0022:\\u0022Hello, this photo is mine!\\u0022,\\u0022sliderScrollNavi\\u0022:false,\\u0022sliderFullSizeViewMode\\u0022:false,\\u0022sliderNextPrevAnimation\\u0022:\\u0022animation\\u0022,\\u0022galleryScrollPositionControll\\u0022:false,\\u0022sliderVideoAutoPlay\\u0022:false,\\u0022sliderVideoLoop\\u0022:false,\\u0022sliderItemCounterEnable\\u0022:true,\\u0022sliderCaptionSrc\\u0022:\\u0022caption\\u0022,\\u0022sliderItemTitleEnable\\u0022:false,\\u0022sliderItemTitleFontSize\\u0022:18,\\u0022sliderItemTitleTextColor\\u0022:\\u0022rgba(255,255,255,1)\\u0022,\\u0022itemCounterColor\\u0022:\\u0022rgba(255,255,255,1)\\u0022,\\u0022sliderThumbBarEnable\\u0022:true,\\u0022sliderThumbBarHoverColor\\u0022:\\u0022rgba(240,240,240,1)\\u0022,\\u0022sliderBgColor\\u0022:\\u0022rgba(0,0,0,0.8)\\u0022,\\u0022sliderPreloaderColor\\u0022:\\u0022rgba(240,240,240,1)\\u0022,\\u0022sliderHeaderFooterBgColor\\u0022:\\u0022rgba(0,0,0,0.4)\\u0022,\\u0022sliderNavigationColor\\u0022:\\u0022rgba(0,0,0,1)\\u0022,\\u0022sliderNavigationColorOver\\u0022:\\u0022rgba(255,255,255,1)\\u0022,\\u0022sliderNavigationIconColor\\u0022:\\u0022rgba(255,255,255,1)\\u0022,\\u0022sliderNavigationIconColorOver\\u0022:\\u0022rgba(0,0,0,1)\\u0022,\\u0022sliderSlideshow\\u0022:true,\\u0022sliderSlideshowDelay\\u0022:5,\\u0022slideshowIndicatorColor\\u0022:\\u0022rgba(255,255,255,1)\\u0022,\\u0022slideshowIndicatorColorBg\\u0022:\\u0022rgba(255,255,255,0.5)\\u0022,\\u0022sliderThumbSubMenuBackgroundColor\\u0022:\\u0022rgba(255,255,255,0)\\u0022,\\u0022sliderThumbSubMenuBackgroundColorOver\\u0022:\\u0022rgba(255,255,255,1)\\u0022,\\u0022sliderThumbSubMenuIconColor\\u0022:\\u0022rgba(255,255,255,1)\\u0022,\\u0022sliderThumbSubMenuIconHoverColor\\u0022:\\u0022rgba(0,0,0,1)\\u0022,\\u0022sliderSocialShareEnabled\\u0022:false,\\u0022sliderZoomEnable\\u0022:true,\\u0022sliderFullscreenEnabled\\u0022:true,\\u0022skin\\u0022:\\u0022grid\\u0022}\",\"sliderSlideshowDelay\":5,\"sliderSocialShareEnabled\":false,\"TrpContentRestriction\":{\"restriction_type\":\"exclude\",\"selected_languages\":[],\"panel_open\":true}}<\/script><script>(function(){if(window.PGC_SGB && window.PGC_SGB.searcher){window.PGC_SGB.searcher.initBlocks()}})()<\/script><\/div>\n\n\n<div class=\"wp-block-group alignfull has-black-background-color has-background is-layout-flow wp-block-group-is-layout-flow\">\n<h2 class=\"has-text-align-center has-white-color has-text-color wp-block-heading\"><\/h2>\n<\/div>","protected":false},"excerpt":{"rendered":"<p>30.07.2022Yerevan &#8211; Armenien 15:00 &#8211; Zeremonie Saghmosavank99JW+6M8, Saghmosavan 0211 15:40 &#8211; Sektempfang in Saghmosavank ~ 18:00 &#8211; FeierVahakni Restaurant50 George Chaush Street,Yerevan 0088, Armenien 03.09.2022Burg Cochem &#8211; Deutschland 13:00 &#8211; Standesamt Reichsburg CochemSchlossstra\u00dfe 36,56812 Cochem, Germany 14:30 &#8211; Sektempfang &amp; Burgf\u00fchrung ~ 18:00 &#8211; Party bei uns zu Hause in K\u00f6ln<\/p>","protected":false},"author":1,"featured_media":20,"parent":0,"menu_order":0,"comment_status":"closed","ping_status":"closed","template":"","meta":{"_eb_attr":"","pgc_sgb_lightbox_settings":"","footnotes":""},"class_list":["post-21","page","type-page","status-publish","has-post-thumbnail","hentry"],"_links":{"self":[{"href":"https:\/\/annalukas.de\/hy\/wp-json\/wp\/v2\/pages\/21"}],"collection":[{"href":"https:\/\/annalukas.de\/hy\/wp-json\/wp\/v2\/pages"}],"about":[{"href":"https:\/\/annalukas.de\/hy\/wp-json\/wp\/v2\/types\/page"}],"author":[{"embeddable":true,"href":"https:\/\/annalukas.de\/hy\/wp-json\/wp\/v2\/users\/1"}],"replies":[{"embeddable":true,"href":"https:\/\/annalukas.de\/hy\/wp-json\/wp\/v2\/comments?post=21"}],"version-history":[{"count":50,"href":"https:\/\/annalukas.de\/hy\/wp-json\/wp\/v2\/pages\/21\/revisions"}],"predecessor-version":[{"id":382,"href":"https:\/\/annalukas.de\/hy\/wp-json\/wp\/v2\/pages\/21\/revisions\/382"}],"wp:featuredmedia":[{"embeddable":true,"href":"https:\/\/annalukas.de\/hy\/wp-json\/wp\/v2\/media\/20"}],"wp:attachment":[{"href":"https:\/\/annalukas.de\/hy\/wp-json\/wp\/v2\/media?parent=21"}],"curies":[{"name":"wp","href":"https:\/\/api.w.org\/{rel}","templated":true}]}}